{"id":2235,"date":"2024-11-03T14:28:32","date_gmt":"2024-11-03T13:28:32","guid":{"rendered":"https:\/\/stargayte.de\/aviso-legal\/"},"modified":"2025-08-27T12:01:45","modified_gmt":"2025-08-27T10:01:45","slug":"aviso-legal","status":"publish","type":"page","link":"https:\/\/stargayte.de\/es\/aviso-legal\/","title":{"rendered":"Aviso legal"},"content":{"rendered":"\t\t<div data-elementor-type=\"wp-post\" data-elementor-id=\"2235\" class=\"elementor elementor-2235 elementor-337\" data-elementor-post-type=\"page\">\n\t\t\t\t<div class=\"elementor-element elementor-element-fa5ef38 e-flex e-con-boxed e-con e-parent\" data-id=\"fa5ef38\" data-element_type=\"container\" data-e-type=\"container\">\n\t\t\t\t\t<div class=\"e-con-inner\">\n\t\t\t\t<div class=\"elementor-element elementor-element-162a7d0 elementor-widget elementor-widget-heading\" data-id=\"162a7d0\" data-element_type=\"widget\" data-e-type=\"widget\" data-widget_type=\"heading.default\">\n\t\t\t\t<div class=\"elementor-widget-container\">\n\t\t\t\t\t<h2 class=\"elementor-heading-title elementor-size-default\">Aviso legal<\/h2>\t\t\t\t<\/div>\n\t\t\t\t<\/div>\n\t\t\t\t\t<\/div>\n\t\t\t\t<\/div>\n\t\t<div class=\"elementor-element elementor-element-c05a842 e-flex e-con-boxed e-con e-parent\" data-id=\"c05a842\" data-element_type=\"container\" data-e-type=\"container\">\n\t\t\t\t\t<div class=\"e-con-inner\">\n\t\t\t\t<div class=\"elementor-element elementor-element-32d15e6 elementor-widget elementor-widget-text-editor\" data-id=\"32d15e6\" data-element_type=\"widget\" data-e-type=\"widget\" data-widget_type=\"text-editor.default\">\n\t\t\t\t<div class=\"elementor-widget-container\">\n\t\t\t\t\t\t\t\t\t<p>Stargayte Sauna<br>Otto-Schill-Stra\u00dfe 10<br>04109 Leipzig<\/p><p>Propietario: Mario Scarabello<br>Representado por: Stefan Gehrke<\/p><p>Contacto:<br>Tel. Negocio: +49 341 96 14 246<br>Tel. Oficina: +49 314 99 39 090<br>Correo electr\u00f3nico: <a href=\"mailto:webmaster@stargayte.de\">webmaster@stargayte.de<\/a><br><br><\/p><h2>Resoluci\u00f3n de litigios en l\u00ednea\/Organismo de arbitraje universal<\/h2><p>No estamos dispuestos ni obligados a participar en los procedimientos de resoluci\u00f3n de litigios ante un organismo de arbitraje del consumidor.<\/p>\t\t\t\t\t\t\t\t<\/div>\n\t\t\t\t<\/div>\n\t\t\t\t\t<\/div>\n\t\t\t\t<\/div>\n\t\t\t\t<\/div>\n\t\t","protected":false},"excerpt":{"rendered":"<p>Aviso legal Stargayte SaunaOtto-Schill-Stra\u00dfe 1004109 Leipzig Propietario: Mario ScarabelloRepresentado por: Stefan Gehrke Contacto:Tel. Negocio: +49 341 96 14 246Tel. Oficina: +49 314 99 39 090Correo electr\u00f3nico: webmaster@stargayte.de Resoluci\u00f3n de litigios en l\u00ednea\/Organismo de arbitraje universal No estamos dispuestos ni obligados a participar en los procedimientos de resoluci\u00f3n de litigios ante un organismo de arbitraje del [&hellip;]<\/p>\n","protected":false},"author":1,"featured_media":0,"parent":0,"menu_order":0,"comment_status":"closed","ping_status":"closed","template":"","meta":{"_acf_changed":false,"footnotes":""},"class_list":["post-2235","page","type-page","status-publish","hentry"],"acf":[],"publishpress_future_workflow_manual_trigger":{"enabledWorkflows":[]},"_links":{"self":[{"href":"https:\/\/stargayte.de\/es\/wp-json\/wp\/v2\/pages\/2235","targetHints":{"allow":["GET"]}}],"collection":[{"href":"https:\/\/stargayte.de\/es\/wp-json\/wp\/v2\/pages"}],"about":[{"href":"https:\/\/stargayte.de\/es\/wp-json\/wp\/v2\/types\/page"}],"author":[{"embeddable":true,"href":"https:\/\/stargayte.de\/es\/wp-json\/wp\/v2\/users\/1"}],"replies":[{"embeddable":true,"href":"https:\/\/stargayte.de\/es\/wp-json\/wp\/v2\/comments?post=2235"}],"version-history":[{"count":1,"href":"https:\/\/stargayte.de\/es\/wp-json\/wp\/v2\/pages\/2235\/revisions"}],"predecessor-version":[{"id":2236,"href":"https:\/\/stargayte.de\/es\/wp-json\/wp\/v2\/pages\/2235\/revisions\/2236"}],"wp:attachment":[{"href":"https:\/\/stargayte.de\/es\/wp-json\/wp\/v2\/media?parent=2235"}],"curies":[{"name":"wp","href":"https:\/\/api.w.org\/{rel}","templated":true}]}}